{"id":17558,"date":"2025-07-16T02:23:27","date_gmt":"2025-07-16T02:23:27","guid":{"rendered":"https:\/\/solimpeks.com\/?page_id=17558"},"modified":"2026-02-15T16:50:08","modified_gmt":"2026-02-15T16:50:08","slug":"termini-di-utilizzo","status":"publish","type":"page","link":"https:\/\/solimpeks.com\/it\/termini-di-utilizzo\/","title":{"rendered":"Termini di utilizzo"},"content":{"rendered":"\n<p>Si prega di leggere attentamente i presenti Termini di utilizzo (&#8220;Termini&#8221;) prima di utilizzare il sito web https:\/\/solimpeks.com (il &#8220;Sito Web&#8221;) gestito da Solimpeks SOLAR (&#8220;noi&#8221;, &#8220;ci&#8221; o &#8220;nostro&#8221;). Accedendo o utilizzando il Sito Web, l&#8217;utente accetta di essere vincolato dai presenti Termini. Se non si accettano i presenti Termini, si prega di astenersi dall&#8217;utilizzare il Sito Web.<\/p>\n\n\n\n<h3 class=\"wp-block-heading\">1.\u00a0<strong>Scopo del sito web<\/strong><\/h3>\n\n\n\n<p>Il sito web \u00e8 una piattaforma informativa aziendale destinata esclusivamente a presentare i prodotti e i servizi di Solimpeks SOLAR. Non offriamo e-commerce, vendite online o servizi a pagamento tramite questo sito web.<\/p>\n\n\n\n<h3 class=\"wp-block-heading\">2.\u00a0<strong>Utilizzo del contenuto del sito web<\/strong><\/h3>\n\n\n\n<p>Tutti i contenuti di questo Sito Web, inclusi, a titolo esemplificativo ma non esaustivo, testi, immagini, loghi, descrizioni di prodotti, grafica, documenti ed elementi di design, sono di propriet\u00e0 di Solimpeks SOLAR e sono protetti dalle leggi applicabili in materia di copyright e propriet\u00e0 intellettuale.<\/p>\n\n\n\n<p>Non \u00e8 consentito:<\/p>\n\n\n\n<ul class=\"wp-block-list\">\n<li>Copiare, riprodurre, ripubblicare, distribuire o visualizzare qualsiasi parte del contenuto del Sito Web senza previa autorizzazione scritta.<\/li>\n\n\n\n<li>Modificare o creare opere derivate basate sul contenuto del Sito Web.<\/li>\n\n\n\n<li>Utilizzare il Sito Web per scopi illegali, fraudolenti o non autorizzati.<\/li>\n<\/ul>\n\n\n\n<p>\u00c8 possibile visualizzare, scaricare o stampare parti del Sito Web solo per uso personale e non commerciale.<\/p>\n\n\n\n<h3 class=\"wp-block-heading\">3.\u00a0<strong>Esclusione di garanzie<\/strong><\/h3>\n\n\n\n<p>Il Sito Web e il suo contenuto sono forniti &#8220;cos\u00ec come sono&#8221; e &#8220;come disponibili&#8221;. Sebbene ci impegniamo a garantire l&#8217;accuratezza e la completezza delle informazioni, non forniamo alcuna garanzia, espressa o implicita, in merito al contenuto del Sito Web, inclusi:<\/p>\n\n\n\n<ul class=\"wp-block-list\">\n<li>Accuratezza, completezza o affidabilit\u00e0 delle informazioni<\/li>\n\n\n\n<li>Assenza di errori, virus o altri componenti dannosi<\/li>\n\n\n\n<li>Disponibilit\u00e0 o uptime continui<\/li>\n<\/ul>\n\n\n\n<h3 class=\"wp-block-heading\">4.\u00a0<strong>Limitazione di responsabilit\u00e0<\/strong><\/h3>\n\n\n\n<p>Nella misura massima consentita dalla legge, Solimpeks SOLAR non sar\u00e0 responsabile per eventuali danni diretti, indiretti, incidentali, consequenziali o speciali derivanti dall&#8217;utilizzo o dall&#8217;impossibilit\u00e0 di utilizzare il Sito Web, anche qualora fossimo stati informati della possibilit\u00e0 di tali danni.<\/p>\n\n\n\n<p>Ci\u00f2 include, a titolo esemplificativo ma non esaustivo:<\/p>\n\n\n\n<ul class=\"wp-block-list\">\n<li>Perdita di dati<\/li>\n\n\n\n<li>Perdita di affari o profitti<\/li>\n\n\n\n<li>Interruzioni del sito web o problemi tecnici<\/li>\n<\/ul>\n\n\n\n<h3 class=\"wp-block-heading\">5.\u00a0<strong>Link di terze parti<\/strong><\/h3>\n\n\n\n<p>Il Sito Web pu\u00f2 includere link a siti web di terze parti a scopo informativo. Questi siti non sono controllati n\u00e9 approvati da Solimpeks SOLAR. Non siamo responsabili del contenuto, della disponibilit\u00e0 o delle pratiche sulla privacy di siti web esterni.<\/p>\n\n\n\n<h3 class=\"wp-block-heading\">6.\u00a0<strong>Condotta dell&#8217;utente<\/strong><\/h3>\n\n\n\n<p>L&#8217;utente accetta di utilizzare il Sito Web nel rispetto di tutte le leggi e i regolamenti applicabili. L&#8217;utente accetta di non:<\/p>\n\n\n\n<ul class=\"wp-block-list\">\n<li>Caricare o distribuire software dannosi o virus<\/li>\n\n\n\n<li>Tentare di ottenere l&#8217;accesso non autorizzato a qualsiasi parte del Sito Web<\/li>\n\n\n\n<li>Utilizzare il Sito Web in un modo che potrebbe danneggiare, disabilitare o compromettere la funzionalit\u00e0 o le prestazioni dei nostri sistemi<\/li>\n<\/ul>\n\n\n\n<h3 class=\"wp-block-heading\">7.\u00a0<strong>Modifiche ai Termini<\/strong><\/h3>\n\n\n\n<p>Solimpeks SOLAR si riserva il diritto di aggiornare o modificare i presenti Termini in qualsiasi momento. Gli aggiornamenti saranno pubblicati su questa pagina con la data di entrata in vigore aggiornata. L&#8217;utilizzo continuato del Sito Web dopo tali modifiche costituisce l&#8217;accettazione dei Termini modificati.<\/p>\n\n\n\n<h3 class=\"wp-block-heading\">8.\u00a0<strong>Legge applicabile<\/strong><\/h3>\n\n\n\n<p>I presenti Termini sono regolati e interpretati in conformit\u00e0 con le leggi della Repubblica di Turchia, senza riguardo ai principi di conflitto di leggi.<\/p>\n\n\n\n<h3 class=\"wp-block-heading\">9.\u00a0<strong>Informazioni sui contatti<\/strong><\/h3>\n\n\n\n<p>Per qualsiasi domanda o dubbio sui presenti Termini, contattaci all&#8217;indirizzo:<\/p>\n\n\n\n<p>Solimpeks SOLAR<br>Sito web: https:\/\/solimpeks.com<br>Email: info@solimpeks.com<\/p>\n\n\n\n<p><a rel=\"noreferrer noopener\" href=\"https:\/\/www.facebook.com\/sharer\/sharer.php?u=https:\/\/solimpeks.com\/?p=15622\" target=\"_blank\"><\/a><a rel=\"noreferrer noopener\" href=\"https:\/\/x.com\/share?url=https:\/\/solimpeks.com\/?p=15622\" target=\"_blank\"><\/a><a rel=\"noreferrer noopener\" href=\"https:\/\/pinterest.com\/pin\/create\/button\/?url=https:\/\/solimpeks.com\/?p=15622&amp;media=https:\/\/solimpeks.com\/wp-includes\/images\/media\/default.svg&amp;description=Terms+of+Use\" target=\"_blank\"><\/a><a rel=\"noreferrer noopener\" href=\"https:\/\/www.linkedin.com\/shareArticle?mini=true&amp;url=https:\/\/solimpeks.com\/?p=15622\" target=\"_blank\"><\/a><\/p>\n","protected":false},"excerpt":{"rendered":"<p>Si prega di leggere attentamente i presenti Termini di utilizzo (&#8220;Termini&#8221;) prima di utilizzare il sito web https:\/\/solimpeks.com (il &#8220;Sito<\/p>\n","protected":false},"author":12,"featured_media":0,"parent":0,"menu_order":0,"comment_status":"closed","ping_status":"closed","template":"","meta":{"footnotes":""},"class_list":["post-17558","page","type-page","status-publish","hentry"],"_links":{"self":[{"href":"https:\/\/solimpeks.com\/it\/wp-json\/wp\/v2\/pages\/17558","targetHints":{"allow":["GET"]}}],"collection":[{"href":"https:\/\/solimpeks.com\/it\/wp-json\/wp\/v2\/pages"}],"about":[{"href":"https:\/\/solimpeks.com\/it\/wp-json\/wp\/v2\/types\/page"}],"author":[{"embeddable":true,"href":"https:\/\/solimpeks.com\/it\/wp-json\/wp\/v2\/users\/12"}],"replies":[{"embeddable":true,"href":"https:\/\/solimpeks.com\/it\/wp-json\/wp\/v2\/comments?post=17558"}],"version-history":[{"count":1,"href":"https:\/\/solimpeks.com\/it\/wp-json\/wp\/v2\/pages\/17558\/revisions"}],"predecessor-version":[{"id":17562,"href":"https:\/\/solimpeks.com\/it\/wp-json\/wp\/v2\/pages\/17558\/revisions\/17562"}],"wp:attachment":[{"href":"https:\/\/solimpeks.com\/it\/wp-json\/wp\/v2\/media?parent=17558"}],"curies":[{"name":"wp","href":"https:\/\/api.w.org\/{rel}","templated":true}]}}