{"id":17559,"date":"2025-07-16T02:23:27","date_gmt":"2025-07-16T02:23:27","guid":{"rendered":"https:\/\/solimpeks.com\/?page_id=17559"},"modified":"2026-02-15T16:37:32","modified_gmt":"2026-02-15T16:37:32","slug":"conditions-dutilisation","status":"publish","type":"page","link":"https:\/\/solimpeks.com\/fr\/conditions-dutilisation\/","title":{"rendered":"Conditions d&rsquo;utilisation"},"content":{"rendered":"\n<p>Veuillez lire attentivement les pr\u00e9sentes Conditions d&rsquo;utilisation (\u00ab\u00a0Conditions\u00a0\u00bb) avant d&rsquo;utiliser le site web https:\/\/solimpeks.com (le \u00ab\u00a0Site web\u00a0\u00bb) exploit\u00e9 par Solimpeks SOLAR (\u00ab\u00a0nous\u00a0\u00bb, \u00ab\u00a0notre\u00a0\u00bb). En acc\u00e9dant au Site web ou en l&rsquo;utilisant, vous acceptez d&rsquo;\u00eatre li\u00e9 par les pr\u00e9sentes Conditions. Si vous n&rsquo;acceptez pas ces Conditions, veuillez vous abstenir d&rsquo;utiliser le Site web.<\/p>\n\n\n\n<h3 class=\"wp-block-heading\">1.\u00a0<strong>Objectif du site web<\/strong><\/h3>\n\n\n\n<p>Ce site web est une plateforme d&rsquo;information institutionnelle destin\u00e9e exclusivement \u00e0 pr\u00e9senter les produits et services de Solimpeks SOLAR. Nous ne proposons aucun service de commerce \u00e9lectronique, de vente en ligne ou de services payants par le biais de ce site.<\/p>\n\n\n\n<h3 class=\"wp-block-heading\">2.\u00a0<strong>Utilisation du contenu du site Web<\/strong><\/h3>\n\n\n\n<p>L&rsquo;ensemble du contenu de ce site Web, y compris, mais sans s&rsquo;y limiter, les textes, images, logos, descriptions de produits, graphiques, documents et \u00e9l\u00e9ments de conception, est la propri\u00e9t\u00e9 de Solimpeks SOLAR et est prot\u00e9g\u00e9 par les lois applicables en mati\u00e8re de droit d&rsquo;auteur et de propri\u00e9t\u00e9 intellectuelle.<\/p>\n\n\n\n<p><strong>Vous n&rsquo;avez pas le droit de\u00a0:<\/strong><\/p>\n\n\n\n<ul class=\"wp-block-list\">\n<li>Toute reproduction, diffusion ou reproduction, m\u00eame partielle, du contenu du site Web est interdite sans autorisation \u00e9crite pr\u00e9alable.<\/li>\n\n\n\n<li>Il est interdit de modifier le contenu du site Web ou d&rsquo;en cr\u00e9er des \u0153uvres d\u00e9riv\u00e9es.<\/li>\n\n\n\n<li>L&rsquo;utilisation du site Web \u00e0 des fins ill\u00e9gales, frauduleuses ou non autoris\u00e9es est interdite.<\/li>\n<\/ul>\n\n\n\n<p>Vous pouvez consulter, t\u00e9l\u00e9charger ou imprimer des extraits du site Web uniquement pour votre usage personnel et non commercial.<\/p>\n\n\n\n<h3 class=\"wp-block-heading\">3.\u00a0<strong>Exclusion de garanties<\/strong><\/h3>\n\n\n\n<p>Le site Web et son contenu sont fournis \u00ab\u00a0en l\u2019\u00e9tat\u00a0\u00bb et \u00ab\u00a0selon disponibilit\u00e9\u00a0\u00bb. Bien que nous nous efforcions d\u2019assurer l\u2019exactitude et l\u2019exhaustivit\u00e9 des informations, nous n\u2019offrons aucune garantie, expresse ou implicite, concernant le contenu du site Web, notamment\u00a0:<\/p>\n\n\n\n<ul class=\"wp-block-list\">\n<li>Exactitude, exhaustivit\u00e9 et fiabilit\u00e9 des informations<\/li>\n\n\n\n<li>Absence d&rsquo;erreurs, de virus ou d&rsquo;autres composants nuisibles<\/li>\n\n\n\n<li>Disponibilit\u00e9 continue<\/li>\n<\/ul>\n\n\n\n<h3 class=\"wp-block-heading\">4.\u00a0<strong>Limitation de responsabilit\u00e9<\/strong><\/h3>\n\n\n\n<p>Dans toute la mesure permise par la loi, Solimpeks SOLAR ne saurait \u00eatre tenue responsable des dommages directs, indirects, accessoires, cons\u00e9cutifs ou sp\u00e9ciaux d\u00e9coulant de votre utilisation ou de votre incapacit\u00e9 \u00e0 utiliser le Site Web, m\u00eame si nous avons \u00e9t\u00e9 inform\u00e9s de la possibilit\u00e9 de tels dommages.<\/p>\n\n\n\n<p>Ceci inclut, sans toutefois s&rsquo;y limiter&nbsp;:<\/p>\n\n\n\n<ul class=\"wp-block-list\">\n<li>Perte de donn\u00e9es<\/li>\n\n\n\n<li>Perte de chiffre d&rsquo;affaires ou de profits<\/li>\n\n\n\n<li>Interruptions de site web ou probl\u00e8mes techniques<\/li>\n<\/ul>\n\n\n\n<h3 class=\"wp-block-heading\">5.\u00a0<strong>Liens tiers<\/strong><\/h3>\n\n\n\n<p>Le site Web peut contenir des liens vers des sites Web tiers \u00e0 titre informatif. Ces sites ne sont ni contr\u00f4l\u00e9s ni approuv\u00e9s par Solimpeks SOLAR. Nous ne sommes pas responsables du contenu, de la disponibilit\u00e9 ni des pratiques de confidentialit\u00e9 des sites Web externes.<\/p>\n\n\n\n<h3 class=\"wp-block-heading\">6.\u00a0<strong>Comportement de l&rsquo;utilisateur<\/strong><\/h3>\n\n\n\n<p>Vous acceptez d&rsquo;utiliser le site Web conform\u00e9ment \u00e0 toutes les lois et r\u00e9glementations applicables. Vous vous engagez \u00e0 ne pas\u00a0:<\/p>\n\n\n\n<ul class=\"wp-block-list\">\n<li>T\u00e9l\u00e9verser ou diffuser des logiciels malveillants ou des virus<\/li>\n\n\n\n<li>Tenter d&rsquo;acc\u00e9der sans autorisation \u00e0 une quelconque partie du site web<\/li>\n\n\n\n<li>Utiliser le site web d&rsquo;une mani\u00e8re susceptible d&rsquo;endommager, de d\u00e9sactiver ou de perturber le fonctionnement ou les performances de nos syst\u00e8mes<\/li>\n<\/ul>\n\n\n\n<h3 class=\"wp-block-heading\">7.\u00a0<strong>Modifications des conditions<\/strong><\/h3>\n\n\n\n<p>Solimpeks SOLAR se r\u00e9serve le droit de modifier ou de mettre \u00e0 jour les pr\u00e9sentes Conditions g\u00e9n\u00e9rales \u00e0 tout moment. Les modifications seront publi\u00e9es sur cette page avec une nouvelle date d&rsquo;entr\u00e9e en vigueur. En continuant \u00e0 utiliser le Site Web apr\u00e8s ces modifications, vous acceptez les Conditions g\u00e9n\u00e9rales r\u00e9vis\u00e9es.<\/p>\n\n\n\n<h3 class=\"wp-block-heading\">8.\u00a0<strong>Loi applicable<\/strong><\/h3>\n\n\n\n<p>Les pr\u00e9sentes conditions g\u00e9n\u00e9rales sont r\u00e9gies et interpr\u00e9t\u00e9es conform\u00e9ment au droit de la R\u00e9publique de Turquie, sans \u00e9gard \u00e0 ses principes de conflit de lois.<\/p>\n\n\n\n<h3 class=\"wp-block-heading\">9.\u00a0<strong>Coordonn\u00e9es<\/strong><\/h3>\n\n\n\n<p>Pour toute question ou pr\u00e9occupation concernant ces conditions g\u00e9n\u00e9rales, veuillez nous contacter&nbsp;:<\/p>\n\n\n\n<p>Solimpeks SOLAR<\/p>\n\n\n\n<p>Site web&nbsp;: https:\/\/solimpeks.com<\/p>\n\n\n\n<p>Courriel&nbsp;: info@solimpeks.com<\/p>\n\n\n\n<p><a rel=\"noreferrer noopener\" href=\"https:\/\/www.facebook.com\/sharer\/sharer.php?u=https:\/\/solimpeks.com\/?p=15622\" target=\"_blank\"><\/a><a rel=\"noreferrer noopener\" href=\"https:\/\/x.com\/share?url=https:\/\/solimpeks.com\/?p=15622\" target=\"_blank\"><\/a><a rel=\"noreferrer noopener\" href=\"https:\/\/pinterest.com\/pin\/create\/button\/?url=https:\/\/solimpeks.com\/?p=15622&amp;media=https:\/\/solimpeks.com\/wp-includes\/images\/media\/default.svg&amp;description=Terms+of+Use\" target=\"_blank\"><\/a><a rel=\"noreferrer noopener\" href=\"https:\/\/www.linkedin.com\/shareArticle?mini=true&amp;url=https:\/\/solimpeks.com\/?p=15622\" target=\"_blank\"><\/a><\/p>\n","protected":false},"excerpt":{"rendered":"<p>Veuillez lire attentivement les pr\u00e9sentes Conditions d&rsquo;utilisation (\u00ab\u00a0Conditions\u00a0\u00bb) avant d&rsquo;utiliser le site web https:\/\/solimpeks.com (le \u00ab\u00a0Site web\u00a0\u00bb) exploit\u00e9 par Solimpeks<\/p>\n","protected":false},"author":12,"featured_media":0,"parent":0,"menu_order":0,"comment_status":"closed","ping_status":"closed","template":"","meta":{"footnotes":""},"class_list":["post-17559","page","type-page","status-publish","hentry"],"_links":{"self":[{"href":"https:\/\/solimpeks.com\/fr\/wp-json\/wp\/v2\/pages\/17559","targetHints":{"allow":["GET"]}}],"collection":[{"href":"https:\/\/solimpeks.com\/fr\/wp-json\/wp\/v2\/pages"}],"about":[{"href":"https:\/\/solimpeks.com\/fr\/wp-json\/wp\/v2\/types\/page"}],"author":[{"embeddable":true,"href":"https:\/\/solimpeks.com\/fr\/wp-json\/wp\/v2\/users\/12"}],"replies":[{"embeddable":true,"href":"https:\/\/solimpeks.com\/fr\/wp-json\/wp\/v2\/comments?post=17559"}],"version-history":[{"count":1,"href":"https:\/\/solimpeks.com\/fr\/wp-json\/wp\/v2\/pages\/17559\/revisions"}],"predecessor-version":[{"id":17560,"href":"https:\/\/solimpeks.com\/fr\/wp-json\/wp\/v2\/pages\/17559\/revisions\/17560"}],"wp:attachment":[{"href":"https:\/\/solimpeks.com\/fr\/wp-json\/wp\/v2\/media?parent=17559"}],"curies":[{"name":"wp","href":"https:\/\/api.w.org\/{rel}","templated":true}]}}