{"id":11500,"date":"2025-01-04T19:30:35","date_gmt":"2025-01-04T19:30:35","guid":{"rendered":"https:\/\/www.demo.emrekucukkirli.dev\/?page_id=11500"},"modified":"2025-02-05T10:44:41","modified_gmt":"2025-02-05T10:44:41","slug":"certificats","status":"publish","type":"page","link":"https:\/\/solimpeks.com\/fr\/certificats\/","title":{"rendered":"Certificats"},"content":{"rendered":"\t\t<div data-elementor-type=\"wp-page\" data-elementor-id=\"11500\" class=\"elementor elementor-11500 elementor-4654\">\n\t\t\t\t<div class=\"wd-negative-gap elementor-element elementor-element-3c300d4 e-flex e-con-boxed e-con e-parent\" data-id=\"3c300d4\" data-element_type=\"container\" data-e-type=\"container\">\n\t\t\t\t\t<div class=\"e-con-inner\">\n\t\t\t\t<div class=\"elementor-element elementor-element-d2eb0b0 elementor-widget elementor-widget-wd_text_block\" data-id=\"d2eb0b0\" data-element_type=\"widget\" data-e-type=\"widget\" data-widget_type=\"wd_text_block.default\">\n\t\t\t\t<div class=\"elementor-widget-container\">\n\t\t\t\t\t\t\t<div class=\"wd-text-block reset-last-child text-left\">\n\t\t\t\n\t\t\t<!DOCTYPE html>\n<html lang=\"en\">\n<head>\n    <meta charset=\"UTF-8\">\n    <meta name=\"viewport\" content=\"width=device-width, initial-scale=1.0\">\n    <title>Solimpeks Certificates<\/title>\n    <style>\n        body {\n            font-family: 'Arial', sans-serif;\n            margin: 0;\n            padding: 0;\n            background-color: #f8f9fa;\n            color: #333;\n        }\n\n        \/* Header Section *\/\n        .cert-header {\n            background-color: #0071bc;\n            color: white;\n            text-align: center;\n            padding: 50px 20px;\n        }\n\n        .cert-title {\n            font-size: 42px;\n            font-weight: bold;\n            text-transform: uppercase;\n            letter-spacing: 1px;\n        }\n\n        .cert-subtitle {\n            font-size: 22px;\n            font-style: italic;\n            margin-top: 10px;\n        }\n\n        .cert-text {\n            font-size: 18px;\n            margin-top: 20px;\n            max-width: 800px;\n            margin-left: auto;\n            margin-right: auto;\n            line-height: 1.6;\n        }\n\n        \/* Table Styling *\/\n        .cert-table {\n            width: 90%;\n            max-width: 1000px;\n            margin: 40px auto;\n            border-collapse: collapse;\n            background: white;\n            border-radius: 10px;\n            overflow: hidden;\n            box-shadow: 0px 4px 10px rgba(0, 0, 0, 0.1);\n        }\n\n        .cert-table th {\n            background: #0071bc;\n            color: white;\n            padding: 15px;\n            font-size: 18px;\n            text-align: left;\n        }\n\n        .cert-table td {\n            padding: 15px;\n            border-bottom: 1px solid #ddd;\n        }\n\n        .cert-table tr:nth-child(even) {\n            background: #f2f2f2;\n        }\n\n        .icon {\n            color: #f7931d;\n            margin-right: 10px;\n        }\n    <\/style>\n<\/head>\n<body><html lang=\"fr\">\n<head>\n    <meta charset=\"UTF-8\">\n    <meta name=\"viewport\" content=\"width=device-width, initial-scale=1.0\">\n    <title>Certifications Solimpeks<\/title>\n<\/head>\n<body>\n\n    <!-- Section d'En-t\u00eate -->\n    <div class=\"cert-header\">\n        <div class=\"cert-title\">Excellence Certifi\u00e9e<\/div>\n        <div class=\"cert-subtitle\">Normes Globales, Qualit\u00e9 In\u00e9gal\u00e9e<\/div>\n        <div class=\"cert-text\">\n            Solimpeks s'engage \u00e0 fournir des produits et services s\u00fbrs, s\u00e9curis\u00e9s et de haute qualit\u00e9.  \n            En mettant l'accent sur la satisfaction des clients, nous simplifions le processus d'import-export tout en garantissant le respect des normes internationales.  \n            Pr\u00e9sents sur 6 continents et dans 96 pays, nous d\u00e9tenons des certifications de premier plan, d\u00e9montrant notre engagement envers l'excellence.\n        <\/div>\n    <\/div>\n\n    <!-- Tableau des Certifications -->\n    <table class=\"cert-table\">\n        <tr>\n            <th>\ud83d\udcdc Certification<\/th>\n            <th>\ud83c\udf0d Norme<\/th>\n        <\/tr>\n        <tr>\n            <td><span class=\"icon\">\u2714\ufe0f<\/span> ISO 9001<\/td>\n            <td>Syst\u00e8me de Management de la Qualit\u00e9 2015<\/td>\n        <\/tr>\n        <tr>\n            <td><span class=\"icon\">\u2714\ufe0f<\/span> ISO 14001<\/td>\n            <td>Syst\u00e8me de Management Environnemental 2015<\/td>\n        <\/tr>\n        <tr>\n            <td><span class=\"icon\">\u2714\ufe0f<\/span> ISO 45001<\/td>\n            <td>Syst\u00e8me de Management de la Sant\u00e9 et de la S\u00e9curit\u00e9 2018<\/td>\n        <\/tr>\n        <tr>\n            <td><span class=\"icon\">\u2714\ufe0f<\/span> ISO 50001<\/td>\n            <td>Syst\u00e8me de Management de l'\u00c9nergie 2018<\/td>\n        <\/tr>\n        <tr>\n            <td><span class=\"icon\">\u2714\ufe0f<\/span> ISO 17001<\/td>\n            <td>Syst\u00e8me de Management de la S\u00e9curit\u00e9 de l'Information 2022<\/td>\n        <\/tr>\n        <tr>\n            <td><span class=\"icon\">\ud83c\udfc6<\/span> TS EN 12975-1<\/td>\n            <td>Certificat de Produit<\/td>\n        <\/tr>\n        <tr>\n            <td><span class=\"icon\">\ud83c\udfc6<\/span> Qualification de Service<\/td>\n            <td>Certificat<\/td>\n        <\/tr>\n        <tr>\n            <td><span class=\"icon\">\ud83c\udfc6<\/span> Certificat CE<\/td>\n            <td>Conformit\u00e9 Europ\u00e9enne<\/td>\n        <\/tr>\n        <tr>\n            <td><span class=\"icon\">\ud83c\udfc6<\/span> Solar Keymark<\/td>\n            <td>Certificat<\/td>\n        <\/tr>\n        <tr>\n            <td><span class=\"icon\">\ud83c\udfc6<\/span> SRCC<\/td>\n            <td>Certification pour l'\u00c9nergie Solaire<\/td>\n        <\/tr>\n    <\/table>\n\n<\/body>\n<\/html>\n\n\t\t\t\t\t<\/div>\n\t\t\t\t\t\t<\/div>\n\t\t\t\t<\/div>\n\t\t\t\t\t<\/div>\n\t\t\t\t<\/div>\n\t\t<div class=\"wd-negative-gap elementor-element elementor-element-809d309 e-flex e-con-boxed e-con e-parent\" data-id=\"809d309\" data-element_type=\"container\" data-e-type=\"container\">\n\t\t\t\t\t<div class=\"e-con-inner\">\n\t\t\t\t<div class=\"elementor-element elementor-element-283a166 elementor-widget elementor-widget-image\" data-id=\"283a166\" data-element_type=\"widget\" data-e-type=\"widget\" data-widget_type=\"image.default\">\n\t\t\t\t<div class=\"elementor-widget-container\">\n\t\t\t\t\t\t\t\t\t\t\t\t\t\t\t<img loading=\"lazy\" decoding=\"async\" width=\"600\" height=\"153\" src=\"https:\/\/solimpeks.com\/wp-content\/themes\/woodmart\/images\/lazy.svg\" data-src=\"https:\/\/solimpeks.com\/wp-content\/uploads\/2025\/01\/certificates.webp\" class=\" wd-lazy-fade attachment-large size-large wp-image-4638\" alt=\"\" srcset=\"\" data-srcset=\"https:\/\/solimpeks.com\/wp-content\/uploads\/2025\/01\/certificates.webp 600w, https:\/\/solimpeks.com\/wp-content\/uploads\/2025\/01\/certificates-300x77.webp 300w, https:\/\/solimpeks.com\/wp-content\/uploads\/2025\/01\/certificates-150x38.webp 150w\" sizes=\"auto, (max-width: 600px) 100vw, 600px\" loading=\"lazy\" \/>\t\t\t\t\t\t\t\t\t\t\t\t\t\t\t<\/div>\n\t\t\t\t<\/div>\n\t\t<div class=\"elementor-element elementor-element-4da3244 wd-section-stretch e-con-full e-flex e-con e-child\" data-id=\"4da3244\" data-element_type=\"container\" data-e-type=\"container\" data-settings=\"{&quot;background_background&quot;:&quot;classic&quot;,&quot;animation&quot;:&quot;none&quot;,&quot;animation_tablet&quot;:&quot;none&quot;}\">\n\t\t<div class=\"elementor-element elementor-element-e986171 e-con-full e-flex e-con e-child\" data-id=\"e986171\" data-element_type=\"container\" data-e-type=\"container\">\n\t\t<div class=\"elementor-element elementor-element-bd10ee3 e-con-full e-flex e-con e-child\" data-id=\"bd10ee3\" data-element_type=\"container\" data-e-type=\"container\">\n\t\t<div class=\"elementor-element elementor-element-6ca01cd e-con-full e-flex e-con e-child\" data-id=\"6ca01cd\" data-element_type=\"container\" data-e-type=\"container\">\n\t\t\t\t<div class=\"elementor-element elementor-element-8320fec wd-width-100 elementor-widget elementor-widget-wd_title\" data-id=\"8320fec\" data-element_type=\"widget\" data-e-type=\"widget\" data-widget_type=\"wd_title.default\">\n\t\t\t\t<div class=\"elementor-widget-container\">\n\t\t\t\t\t\t\t<div class=\"title-wrapper wd-set-mb reset-last-child wd-title-color-white wd-title-style-default wd-title-size-large text-center\">\n\n\t\t\t\t\t\t\t\t\t\t\t<div class=\"title-subtitle subtitle-color-white subtitle-style-default wd-fontsize-xs\">\n\t\t\t\t\tDes Normes de Fabrication et d'innovation Sans Compromis\t\t\t\t<\/div>\n\t\t\t\n\t\t\t<div class=\"liner-continer\">\n\t\t\t\t<h4 class=\"woodmart-title-container title wd-fontsize-xxl\">Certifications de Qualit\u00e9 Mondiales<\/h4> \n\t\t\t\t\t\t\t<\/div>\n\n\t\t\t\t\t\t\t<div class=\"title-after_title reset-last-child wd-fontsize-s\">\n\t\t\t\t\t<p>Solimpeks d\u00e9tient des certifications reconnues mondialement, notamment les normes ISO, CE et Solar Keymark. Celles-ci d\u00e9montrent notre engagement envers une fabrication de haute qualit\u00e9, le respect de l'environnement, la s\u00e9curit\u00e9 et la satisfaction de la client\u00e8le, garantissant que nos produits r\u00e9pondent aux normes internationales les plus strictes en mati\u00e8re de solutions de chauffage renouvelables.<\/p>\t\t\t\t<\/div>\n\t\t\t\t\t<\/div>\n\t\t\t\t\t\t<\/div>\n\t\t\t\t<\/div>\n\t\t\t\t<\/div>\n\t\t\t\t<\/div>\n\t\t<div class=\"elementor-element elementor-element-ae357e8 e-con-full e-flex e-con e-child\" data-id=\"ae357e8\" data-element_type=\"container\" data-e-type=\"container\">\n\t\t<div class=\"elementor-element elementor-element-3c8c402 color-scheme-light e-con-full e-flex e-con e-child\" data-id=\"3c8c402\" data-element_type=\"container\" data-e-type=\"container\">\n\t\t\t\t<div class=\"elementor-element elementor-element-ceacfeb elementor-widget elementor-widget-wd_infobox_carousel\" data-id=\"ceacfeb\" data-element_type=\"widget\" data-e-type=\"widget\" data-widget_type=\"wd_infobox_carousel.default\">\n\t\t\t\t<div class=\"elementor-widget-container\">\n\t\t\t\t\t\t\t<div class=\"wd-carousel-container info-box-carousel-wrapper\">\n\t\t\t<div class=\"wd-carousel-inner\">\n\t\t\t\t<div class=\"wd-carousel wd-grid info-box-carousel\" data-scroll_per_page=\"yes\" style=\"--wd-col-lg:3;--wd-col-md:3;--wd-col-sm:1;--wd-gap-lg:30px;--wd-gap-sm:10px;\">\n\t\t\t\t\t<div class=\"wd-carousel-wrap\">\n\t\t\t\t\t\t\t\t\t\t\t\t\t\t\t\t\t\t\t\t\t\t<div class=\"info-box-wrapper wd-carousel-item\">\n\t\t\t<div class=\"wd-info-box text-center box-icon-align-top box-style-bg-hover color-scheme-dark  elementor-repeater-item-6516872 color-scheme-hover-dark\">\n\t\t\t\t\t\t\t\t\t<div class=\"box-icon-wrapper  box-with-icon box-icon-simple\">\n\t\t\t\t\t\t<div class=\"info-box-icon\">\n\t\t\t\t\t\t\t\t\t\t\t\t\t\t\t<img loading=\"lazy\" decoding=\"async\" width=\"210\" height=\"300\" src=\"https:\/\/solimpeks.com\/wp-content\/uploads\/2024\/12\/btrxg1WXzJC0xG6qUvIyhrLvuUd7BQ-210x300.webp\" class=\"attachment-medium size-medium\" alt=\"\" srcset=\"https:\/\/solimpeks.com\/wp-content\/uploads\/2024\/12\/btrxg1WXzJC0xG6qUvIyhrLvuUd7BQ-210x300.webp 210w, https:\/\/solimpeks.com\/wp-content\/uploads\/2024\/12\/btrxg1WXzJC0xG6qUvIyhrLvuUd7BQ-150x214.webp 150w, https:\/\/solimpeks.com\/wp-content\/uploads\/2024\/12\/btrxg1WXzJC0xG6qUvIyhrLvuUd7BQ.webp 280w\" sizes=\"auto, (max-width: 210px) 100vw, 210px\" loading=\"lazy\" \/>\t\t\t\t\t\t\t\t\t\t\t\t\t<\/div>\n\t\t\t\t\t<\/div>\n\t\t\t\t\n\t\t\t\t<div class=\"info-box-content\">\n\t\t\t\t\t\n\t\t\t\t\t\t\t\t\t\t\t<h4\t\t\t\t\t\tclass=\"info-box-title title box-title-style-default wd-fontsize-xl\" data-elementor-setting-key=\"title\">\n\t\t\t\t\t\t\t\tISO 9001\t\t\t\t\t\t<\/h4>\n\t\t\t\t\t\n\t\t\t\t\t<div class=\"info-box-inner reset-last-child\"data-elementor-setting-key=\"content\"><p style=\"text-align: center;\">2015 Quality Management System<\/p>\n<\/div>\n\n\t\t\t\t\t\t\t\t\t<\/div>\n\n\t\t\t\t\t\t\t\t\t<a href=\"#\" class=\"wd-info-box-link wd-fill\" aria-label=\"Infobox link\"><\/a>\n\t\t\t\t\t\t\t<\/div>\n\t\t<\/div>\n\t\t\t\t\t\t\t\t\t\t\t\t\t\t\t\t\t\t\t\t\t\t\t\t<div class=\"info-box-wrapper wd-carousel-item\">\n\t\t\t<div class=\"wd-info-box text-center box-icon-align-top box-style-bg-hover color-scheme-dark  elementor-repeater-item-dda98d5 color-scheme-hover-dark\">\n\t\t\t\t\t\t\t\t\t<div class=\"box-icon-wrapper  box-with-icon box-icon-simple\">\n\t\t\t\t\t\t<div class=\"info-box-icon\">\n\t\t\t\t\t\t\t\t\t\t\t\t\t\t\t<img loading=\"lazy\" decoding=\"async\" width=\"210\" height=\"300\" src=\"https:\/\/solimpeks.com\/wp-content\/uploads\/2024\/12\/p7fowcUwaTMDrBLXypTd6CuCAQ5nGi-210x300.webp\" class=\"attachment-medium size-medium\" alt=\"\" srcset=\"https:\/\/solimpeks.com\/wp-content\/uploads\/2024\/12\/p7fowcUwaTMDrBLXypTd6CuCAQ5nGi-210x300.webp 210w, https:\/\/solimpeks.com\/wp-content\/uploads\/2024\/12\/p7fowcUwaTMDrBLXypTd6CuCAQ5nGi-150x214.webp 150w, https:\/\/solimpeks.com\/wp-content\/uploads\/2024\/12\/p7fowcUwaTMDrBLXypTd6CuCAQ5nGi.webp 280w\" sizes=\"auto, (max-width: 210px) 100vw, 210px\" loading=\"lazy\" \/>\t\t\t\t\t\t\t\t\t\t\t\t\t<\/div>\n\t\t\t\t\t<\/div>\n\t\t\t\t\n\t\t\t\t<div class=\"info-box-content\">\n\t\t\t\t\t\n\t\t\t\t\t\t\t\t\t\t\t<h4\t\t\t\t\t\tclass=\"info-box-title title box-title-style-default wd-fontsize-xl\" data-elementor-setting-key=\"title\">\n\t\t\t\t\t\t\t\tISO 14001\t\t\t\t\t\t<\/h4>\n\t\t\t\t\t\n\t\t\t\t\t<div class=\"info-box-inner reset-last-child\"data-elementor-setting-key=\"content\"><p style=\"text-align: center;\">2015 Environmental Management System<\/p>\n<\/div>\n\n\t\t\t\t\t\t\t\t\t<\/div>\n\n\t\t\t\t\t\t\t\t\t<a href=\"#\" class=\"wd-info-box-link wd-fill\" aria-label=\"Infobox link\"><\/a>\n\t\t\t\t\t\t\t<\/div>\n\t\t<\/div>\n\t\t\t\t\t\t\t\t\t\t\t\t\t\t\t\t\t\t\t\t\t\t\t\t<div class=\"info-box-wrapper wd-carousel-item\">\n\t\t\t<div class=\"wd-info-box text-center box-icon-align-top box-style-bg-hover color-scheme-dark  elementor-repeater-item-558d51d color-scheme-hover-dark\">\n\t\t\t\t\t\t\t\t\t<div class=\"box-icon-wrapper  box-with-icon box-icon-simple\">\n\t\t\t\t\t\t<div class=\"info-box-icon\">\n\t\t\t\t\t\t\t\t\t\t\t\t\t\t\t<img loading=\"lazy\" decoding=\"async\" width=\"210\" height=\"300\" src=\"https:\/\/solimpeks.com\/wp-content\/uploads\/2024\/12\/saj6Na3uWegdeBmcMdJLbueqWKFYuN-210x300.webp\" class=\"attachment-medium size-medium\" alt=\"\" srcset=\"https:\/\/solimpeks.com\/wp-content\/uploads\/2024\/12\/saj6Na3uWegdeBmcMdJLbueqWKFYuN-210x300.webp 210w, https:\/\/solimpeks.com\/wp-content\/uploads\/2024\/12\/saj6Na3uWegdeBmcMdJLbueqWKFYuN-150x214.webp 150w, https:\/\/solimpeks.com\/wp-content\/uploads\/2024\/12\/saj6Na3uWegdeBmcMdJLbueqWKFYuN.webp 280w\" sizes=\"auto, (max-width: 210px) 100vw, 210px\" loading=\"lazy\" \/>\t\t\t\t\t\t\t\t\t\t\t\t\t<\/div>\n\t\t\t\t\t<\/div>\n\t\t\t\t\n\t\t\t\t<div class=\"info-box-content\">\n\t\t\t\t\t\n\t\t\t\t\t\t\t\t\t\t\t<h4\t\t\t\t\t\tclass=\"info-box-title title box-title-style-default wd-fontsize-xl\" data-elementor-setting-key=\"title\">\n\t\t\t\t\t\t\t\tISO 45001\t\t\t\t\t\t<\/h4>\n\t\t\t\t\t\n\t\t\t\t\t<div class=\"info-box-inner reset-last-child\"data-elementor-setting-key=\"content\"><p style=\"text-align: center;\">Health and Safety Management System<\/p>\n<\/div>\n\n\t\t\t\t\t\t\t\t\t<\/div>\n\n\t\t\t\t\t\t\t\t\t<a href=\"#\" class=\"wd-info-box-link wd-fill\" aria-label=\"Infobox link\"><\/a>\n\t\t\t\t\t\t\t<\/div>\n\t\t<\/div>\n\t\t\t\t\t\t\t\t\t\t\t\t\t\t\t\t\t\t\t\t\t\t\t\t<div class=\"info-box-wrapper wd-carousel-item\">\n\t\t\t<div class=\"wd-info-box text-center box-icon-align-top box-style-bg-hover color-scheme-dark  elementor-repeater-item-ce3e8f1 color-scheme-hover-dark\">\n\t\t\t\t\t\t\t\t\t<div class=\"box-icon-wrapper  box-with-icon box-icon-simple\">\n\t\t\t\t\t\t<div class=\"info-box-icon\">\n\t\t\t\t\t\t\t\t\t\t\t\t\t\t\t<img loading=\"lazy\" decoding=\"async\" width=\"210\" height=\"300\" src=\"https:\/\/solimpeks.com\/wp-content\/uploads\/2024\/12\/aMIAQpKjjgwifLekpL0x4Uis4APoA6-210x300.webp\" class=\"attachment-medium size-medium\" alt=\"\" srcset=\"https:\/\/solimpeks.com\/wp-content\/uploads\/2024\/12\/aMIAQpKjjgwifLekpL0x4Uis4APoA6-210x300.webp 210w, https:\/\/solimpeks.com\/wp-content\/uploads\/2024\/12\/aMIAQpKjjgwifLekpL0x4Uis4APoA6-150x214.webp 150w, https:\/\/solimpeks.com\/wp-content\/uploads\/2024\/12\/aMIAQpKjjgwifLekpL0x4Uis4APoA6.webp 280w\" sizes=\"auto, (max-width: 210px) 100vw, 210px\" loading=\"lazy\" \/>\t\t\t\t\t\t\t\t\t\t\t\t\t<\/div>\n\t\t\t\t\t<\/div>\n\t\t\t\t\n\t\t\t\t<div class=\"info-box-content\">\n\t\t\t\t\t\n\t\t\t\t\t\t\t\t\t\t\t<h4\t\t\t\t\t\tclass=\"info-box-title title box-title-style-default wd-fontsize-xl\" data-elementor-setting-key=\"title\">\n\t\t\t\t\t\t\t\tISO 27001\t\t\t\t\t\t<\/h4>\n\t\t\t\t\t\n\t\t\t\t\t<div class=\"info-box-inner reset-last-child\"data-elementor-setting-key=\"content\"><p style=\"text-align: center;\">2022 Information Security Management System<\/p>\n<\/div>\n\n\t\t\t\t\t\t\t\t\t<\/div>\n\n\t\t\t\t\t\t\t\t\t<a href=\"#\" class=\"wd-info-box-link wd-fill\" aria-label=\"Infobox link\"><\/a>\n\t\t\t\t\t\t\t<\/div>\n\t\t<\/div>\n\t\t\t\t\t\t\t\t\t\t\t\t\t\t\t\t\t\t\t\t\t\t\t\t<div class=\"info-box-wrapper wd-carousel-item\">\n\t\t\t<div class=\"wd-info-box text-center box-icon-align-top box-style-bg-hover color-scheme-dark  elementor-repeater-item-b26230c color-scheme-hover-dark\">\n\t\t\t\t\t\t\t\t\t<div class=\"box-icon-wrapper  box-with-icon box-icon-simple\">\n\t\t\t\t\t\t<div class=\"info-box-icon\">\n\t\t\t\t\t\t\t\t\t\t\t\t\t\t\t<img loading=\"lazy\" decoding=\"async\" width=\"210\" height=\"300\" src=\"https:\/\/solimpeks.com\/wp-content\/uploads\/2024\/12\/lTNbVL4GyXWaUkjQDObvkDq44FOzrs-210x300.webp\" class=\"attachment-medium size-medium\" alt=\"\" srcset=\"https:\/\/solimpeks.com\/wp-content\/uploads\/2024\/12\/lTNbVL4GyXWaUkjQDObvkDq44FOzrs-210x300.webp 210w, https:\/\/solimpeks.com\/wp-content\/uploads\/2024\/12\/lTNbVL4GyXWaUkjQDObvkDq44FOzrs-150x214.webp 150w, https:\/\/solimpeks.com\/wp-content\/uploads\/2024\/12\/lTNbVL4GyXWaUkjQDObvkDq44FOzrs.webp 280w\" sizes=\"auto, (max-width: 210px) 100vw, 210px\" loading=\"lazy\" \/>\t\t\t\t\t\t\t\t\t\t\t\t\t<\/div>\n\t\t\t\t\t<\/div>\n\t\t\t\t\n\t\t\t\t<div class=\"info-box-content\">\n\t\t\t\t\t\n\t\t\t\t\t\t\t\t\t\t\t<h4\t\t\t\t\t\tclass=\"info-box-title title box-title-style-default wd-fontsize-xl\" data-elementor-setting-key=\"title\">\n\t\t\t\t\t\t\t\tISO 50001\t\t\t\t\t\t<\/h4>\n\t\t\t\t\t\n\t\t\t\t\t<div class=\"info-box-inner reset-last-child\"data-elementor-setting-key=\"content\"><p style=\"text-align: center;\">2018 Energy Management System<\/p>\n<\/div>\n\n\t\t\t\t\t\t\t\t\t<\/div>\n\n\t\t\t\t\t\t\t\t\t<a href=\"#\" class=\"wd-info-box-link wd-fill\" aria-label=\"Infobox link\"><\/a>\n\t\t\t\t\t\t\t<\/div>\n\t\t<\/div>\n\t\t\t\t\t\t\t\t\t\t\t\t\t\t\t\t\t\t\t\t\t\t\t\t<div class=\"info-box-wrapper wd-carousel-item\">\n\t\t\t<div class=\"wd-info-box text-center box-icon-align-top box-style-bg-hover color-scheme-dark  elementor-repeater-item-b953e5c color-scheme-hover-dark\">\n\t\t\t\t\t\t\t\t\t<div class=\"box-icon-wrapper  box-with-icon box-icon-simple\">\n\t\t\t\t\t\t<div class=\"info-box-icon\">\n\t\t\t\t\t\t\t\t\t\t\t\t\t\t\t<img loading=\"lazy\" decoding=\"async\" width=\"210\" height=\"300\" src=\"https:\/\/solimpeks.com\/wp-content\/uploads\/2024\/12\/6hYNtzy2u6LQYVmYxKseyeEmW4SMks-210x300.webp\" class=\"attachment-medium size-medium\" alt=\"\" srcset=\"https:\/\/solimpeks.com\/wp-content\/uploads\/2024\/12\/6hYNtzy2u6LQYVmYxKseyeEmW4SMks-210x300.webp 210w, https:\/\/solimpeks.com\/wp-content\/uploads\/2024\/12\/6hYNtzy2u6LQYVmYxKseyeEmW4SMks-150x214.webp 150w, https:\/\/solimpeks.com\/wp-content\/uploads\/2024\/12\/6hYNtzy2u6LQYVmYxKseyeEmW4SMks.webp 280w\" sizes=\"auto, (max-width: 210px) 100vw, 210px\" loading=\"lazy\" \/>\t\t\t\t\t\t\t\t\t\t\t\t\t<\/div>\n\t\t\t\t\t<\/div>\n\t\t\t\t\n\t\t\t\t<div class=\"info-box-content\">\n\t\t\t\t\t\n\t\t\t\t\t\t\t\t\t\t\t<h4\t\t\t\t\t\tclass=\"info-box-title title box-title-style-default wd-fontsize-xl\" data-elementor-setting-key=\"title\">\n\t\t\t\t\t\t\t\tTS EN 12975-1\t\t\t\t\t\t<\/h4>\n\t\t\t\t\t\n\t\t\t\t\t<div class=\"info-box-inner reset-last-child\"data-elementor-setting-key=\"content\"><p style=\"text-align: center;\"><span class=\"text-big\">Product Certificate<\/span><\/p>\n<\/div>\n\n\t\t\t\t\t\t\t\t\t<\/div>\n\n\t\t\t\t\t\t\t\t\t<a href=\"#\" class=\"wd-info-box-link wd-fill\" aria-label=\"Infobox link\"><\/a>\n\t\t\t\t\t\t\t<\/div>\n\t\t<\/div>\n\t\t\t\t\t\t\t\t\t\t\t\t\t\t\t\t\t\t\t\t\t\t\t\t<div class=\"info-box-wrapper wd-carousel-item\">\n\t\t\t<div class=\"wd-info-box text-center box-icon-align-top box-style-bg-hover color-scheme-dark  elementor-repeater-item-9f82bed color-scheme-hover-dark\">\n\t\t\t\t\t\t\t\t\t<div class=\"box-icon-wrapper  box-with-icon box-icon-simple\">\n\t\t\t\t\t\t<div class=\"info-box-icon\">\n\t\t\t\t\t\t\t\t\t\t\t\t\t\t\t<img loading=\"lazy\" decoding=\"async\" width=\"210\" height=\"300\" src=\"https:\/\/solimpeks.com\/wp-content\/uploads\/2024\/12\/damndE8NYTvPLAgduDi7Ou0qONFgEA-210x300.webp\" class=\"attachment-medium size-medium\" alt=\"\" srcset=\"https:\/\/solimpeks.com\/wp-content\/uploads\/2024\/12\/damndE8NYTvPLAgduDi7Ou0qONFgEA-210x300.webp 210w, https:\/\/solimpeks.com\/wp-content\/uploads\/2024\/12\/damndE8NYTvPLAgduDi7Ou0qONFgEA-150x214.webp 150w, https:\/\/solimpeks.com\/wp-content\/uploads\/2024\/12\/damndE8NYTvPLAgduDi7Ou0qONFgEA.webp 280w\" sizes=\"auto, (max-width: 210px) 100vw, 210px\" loading=\"lazy\" \/>\t\t\t\t\t\t\t\t\t\t\t\t\t<\/div>\n\t\t\t\t\t<\/div>\n\t\t\t\t\n\t\t\t\t<div class=\"info-box-content\">\n\t\t\t\t\t\n\t\t\t\t\t\t\t\t\t\t\t<h4\t\t\t\t\t\tclass=\"info-box-title title box-title-style-default wd-fontsize-xl\" data-elementor-setting-key=\"title\">\n\t\t\t\t\t\t\t\tService Qualification<br \/>\n<br \/>\n\t\t\t\t\t\t<\/h4>\n\t\t\t\t\t\n\t\t\t\t\t<div class=\"info-box-inner reset-last-child\"data-elementor-setting-key=\"content\"><p style=\"text-align: center;\">Certificate<\/p>\n<\/div>\n\n\t\t\t\t\t\t\t\t\t<\/div>\n\n\t\t\t\t\t\t\t\t\t<a href=\"#\" class=\"wd-info-box-link wd-fill\" aria-label=\"Infobox link\"><\/a>\n\t\t\t\t\t\t\t<\/div>\n\t\t<\/div>\n\t\t\t\t\t\t\t\t\t\t\t\t\t\t\t\t\t\t\t\t\t\t\t\t<div class=\"info-box-wrapper wd-carousel-item\">\n\t\t\t<div class=\"wd-info-box text-center box-icon-align-top box-style-bg-hover color-scheme-dark  elementor-repeater-item-018cf2d color-scheme-hover-dark\">\n\t\t\t\t\t\t\t\t\t<div class=\"box-icon-wrapper  box-with-icon box-icon-simple\">\n\t\t\t\t\t\t<div class=\"info-box-icon\">\n\t\t\t\t\t\t\t\t\t\t\t\t\t\t\t<img loading=\"lazy\" decoding=\"async\" width=\"210\" height=\"300\" src=\"https:\/\/solimpeks.com\/wp-content\/uploads\/2024\/12\/MvkqlUDsGCVglstA6H7jWuH88NkE9g-210x300.webp\" class=\"attachment-medium size-medium\" alt=\"\" srcset=\"https:\/\/solimpeks.com\/wp-content\/uploads\/2024\/12\/MvkqlUDsGCVglstA6H7jWuH88NkE9g-210x300.webp 210w, https:\/\/solimpeks.com\/wp-content\/uploads\/2024\/12\/MvkqlUDsGCVglstA6H7jWuH88NkE9g-150x214.webp 150w, https:\/\/solimpeks.com\/wp-content\/uploads\/2024\/12\/MvkqlUDsGCVglstA6H7jWuH88NkE9g.webp 280w\" sizes=\"auto, (max-width: 210px) 100vw, 210px\" loading=\"lazy\" \/>\t\t\t\t\t\t\t\t\t\t\t\t\t<\/div>\n\t\t\t\t\t<\/div>\n\t\t\t\t\n\t\t\t\t<div class=\"info-box-content\">\n\t\t\t\t\t\n\t\t\t\t\t\t\t\t\t\t\t<h4\t\t\t\t\t\tclass=\"info-box-title title box-title-style-default wd-fontsize-xl\" data-elementor-setting-key=\"title\">\n\t\t\t\t\t\t\t\t\u25b6 CE Certificate<br \/>\n<br \/>\n<br \/>\n\t\t\t\t\t\t<\/h4>\n\t\t\t\t\t\n\t\t\t\t\t<div class=\"info-box-inner reset-last-child\"data-elementor-setting-key=\"content\"><\/div>\n\n\t\t\t\t\t\t\t\t\t<\/div>\n\n\t\t\t\t\t\t\t\t\t<a href=\"#\" class=\"wd-info-box-link wd-fill\" aria-label=\"Infobox link\"><\/a>\n\t\t\t\t\t\t\t<\/div>\n\t\t<\/div>\n\t\t\t\t\t\t\t\t\t\t\t\t\t<\/div>\n\t\t\t\t<\/div>\n\n\t\t\t\t\t\t\t<\/div>\n\n\t\t\t\t\t<div class=\"wd-nav-pagin-wrap text-center wd-style-shape wd-hide-md-sm wd-hide-sm\">\n\t\t\t<ul class=\"wd-nav-pagin\"><\/ul>\n\t\t<\/div>\n\t\t\t\t\t\t\t<\/div>\n\t\t\t\t\t\t<\/div>\n\t\t\t\t<\/div>\n\t\t\t\t<\/div>\n\t\t\t\t<\/div>\n\t\t\t\t<\/div>\n\t\t\t\t<\/div>\n\t\t\t\t<div class=\"elementor-element elementor-element-1cfda9d elementor-widget elementor-widget-wd_image_or_svg\" data-id=\"1cfda9d\" data-element_type=\"widget\" data-e-type=\"widget\" data-widget_type=\"wd_image_or_svg.default\">\n\t\t\t\t<div class=\"elementor-widget-container\">\n\t\t\t\t\t\n\t\t<div class=\"wd-image text-left\">\n\t\t\t\t\t\t\t\t<img loading=\"lazy\" decoding=\"async\" width=\"1600\" height=\"900\" src=\"https:\/\/solimpeks.com\/wp-content\/uploads\/2025\/01\/Iek3dwNFwtaQ4dgKK4Kzvapj0uQv1P-1600x900.webp\" class=\"attachment-1600x900 size-1600x900\" alt=\"\" loading=\"lazy\" \/>\t\t\t\t\t<\/div>\n\n\t\t\t\t\t\t<\/div>\n\t\t\t\t<\/div>\n\t\t\t\t\t<\/div>\n\t\t\t\t<\/div>\n\t\t\t\t<\/div>\n\t\t","protected":false},"excerpt":{"rendered":"<p>Solimpeks Certificates Certifications Solimpeks Excellence Certifi\u00e9e Normes Globales, Qualit\u00e9 In\u00e9gal\u00e9e Solimpeks s&rsquo;engage \u00e0 fournir des produits et services s\u00fbrs, s\u00e9curis\u00e9s<\/p>\n","protected":false},"author":8,"featured_media":0,"parent":0,"menu_order":0,"comment_status":"closed","ping_status":"closed","template":"","meta":{"footnotes":""},"class_list":["post-11500","page","type-page","status-publish","hentry"],"_links":{"self":[{"href":"https:\/\/solimpeks.com\/fr\/wp-json\/wp\/v2\/pages\/11500","targetHints":{"allow":["GET"]}}],"collection":[{"href":"https:\/\/solimpeks.com\/fr\/wp-json\/wp\/v2\/pages"}],"about":[{"href":"https:\/\/solimpeks.com\/fr\/wp-json\/wp\/v2\/types\/page"}],"author":[{"embeddable":true,"href":"https:\/\/solimpeks.com\/fr\/wp-json\/wp\/v2\/users\/8"}],"replies":[{"embeddable":true,"href":"https:\/\/solimpeks.com\/fr\/wp-json\/wp\/v2\/comments?post=11500"}],"version-history":[{"count":11,"href":"https:\/\/solimpeks.com\/fr\/wp-json\/wp\/v2\/pages\/11500\/revisions"}],"predecessor-version":[{"id":11553,"href":"https:\/\/solimpeks.com\/fr\/wp-json\/wp\/v2\/pages\/11500\/revisions\/11553"}],"wp:attachment":[{"href":"https:\/\/solimpeks.com\/fr\/wp-json\/wp\/v2\/media?parent=11500"}],"curies":[{"name":"wp","href":"https:\/\/api.w.org\/{rel}","templated":true}]}}